{"id":12,"date":"2012-08-16T07:30:26","date_gmt":"2012-08-16T07:30:26","guid":{"rendered":"http:\/\/babia.eu\/?page_id=12"},"modified":"2013-02-04T17:10:29","modified_gmt":"2013-02-04T17:10:29","slug":"la-asociacion","status":"publish","type":"page","link":"https:\/\/babia.eu\/?page_id=12","title":{"rendered":"La Asociaci\u00f3n"},"content":{"rendered":"<p><strong>La Asociaci\u00f3n<\/strong> <strong>de Criadores y Amigos del Mast\u00edn de Babia <\/strong>naci\u00f3 hace tres a\u00f1os con la finalidad de promocionar el mast\u00edn en la comarca de Babia, coordinando a los criadores que hay en la misma, apoyando iniciativas de particulares como el <strong>Museo Etnogr\u00e1fico y de la Trashumancia de Torre de Babia<\/strong> y organizando los concursos de mastines que se celebren en Babia y otros actos de divulgaci\u00f3n. La Asociaci\u00f3n defiende que el mast\u00edn es m\u00e1s que una raza de perro, es un activo cultural y econ\u00f3mico de la monta\u00f1a leonesa, que debe conservarse en su pureza y potenciarse por su gran funcionalidad en la ganader\u00eda trashumante y extensiva.<\/p>\n<p>El logotipo de la Asociaci\u00f3n lo ha hecho el pintor <strong>Manuel Sierra<\/strong>, al que la asociaci\u00f3n agradece haber sabido aunar la plasticidad del mast\u00edn y de las monta\u00f1as de Babia.<\/p>\n<p>La Asociaci\u00f3n est\u00e1 preparando las actividades para este a\u00f1o de 2013. \u00a1Os interesar\u00e1n!<\/p>\n","protected":false},"excerpt":{"rendered":"<p>La Asociaci\u00f3n de Criadores y Amigos del Mast\u00edn de Babia naci\u00f3 hace tres a\u00f1os con la finalidad de promocionar el mast\u00edn en la comarca de Babia, coordinando a los criadores que hay en la misma, apoyando iniciativas de particulares como &hellip; <a href=\"https:\/\/babia.eu\/?page_id=12\">Sigue leyendo <span class=\"meta-nav\">&rarr;<\/span><\/a><\/p>\n","protected":false},"author":1,"featured_media":0,"parent":0,"menu_order":0,"comment_status":"open","ping_status":"open","template":"","meta":[],"_links":{"self":[{"href":"https:\/\/babia.eu\/index.php?rest_route=\/wp\/v2\/pages\/12"}],"collection":[{"href":"https:\/\/babia.eu\/index.php?rest_route=\/wp\/v2\/pages"}],"about":[{"href":"https:\/\/babia.eu\/index.php?rest_route=\/wp\/v2\/types\/page"}],"author":[{"embeddable":true,"href":"https:\/\/babia.eu\/index.php?rest_route=\/wp\/v2\/users\/1"}],"replies":[{"embeddable":true,"href":"https:\/\/babia.eu\/index.php?rest_route=%2Fwp%2Fv2%2Fcomments&post=12"}],"version-history":[{"count":3,"href":"https:\/\/babia.eu\/index.php?rest_route=\/wp\/v2\/pages\/12\/revisions"}],"predecessor-version":[{"id":29,"href":"https:\/\/babia.eu\/index.php?rest_route=\/wp\/v2\/pages\/12\/revisions\/29"}],"wp:attachment":[{"href":"https:\/\/babia.eu\/index.php?rest_route=%2Fwp%2Fv2%2Fmedia&parent=12"}],"curies":[{"name":"wp","href":"https:\/\/api.w.org\/{rel}","templated":true}]}}